{"id":283,"date":"2017-08-20T11:29:38","date_gmt":"2017-08-20T09:29:38","guid":{"rendered":"http:\/\/www.weendervolleys.de\/WeenderVolleys\/50JWV\/?page_id=283"},"modified":"2017-08-20T11:29:38","modified_gmt":"2017-08-20T09:29:38","slug":"das-poehlder-hupkonzert","status":"publish","type":"page","link":"http:\/\/www.weendervolleys.de\/WeenderVolleys\/50JWV\/geschichten\/das-poehlder-hupkonzert\/","title":{"rendered":"Das P\u00f6hlder Hupkonzert"},"content":{"rendered":"<p class=\"western\" align=\"justify\">E<span style=\"font-family: Arial,sans-serif;\"><span style=\"font-size: large;\">inmal im Jahr, und da freuten wir uns schon m\u00e4chtig drauf, fand das P\u00f6hlder Volleyballturnier vor dem alten Schulhaus statt. Die liebensw\u00fcrdigen P\u00f6hlder waren in der Lage, immer eine ganz herzliche Atmosph\u00e4re zu schaffen. So landeten wir auch schon vor Spielbeginn erst einmal vor dem Getr\u00e4nkestand und wurden von diesem nur durch unsere sportlichen Eins\u00e4tze getrennt. Es war immer ein Riesen-Spektakel in P\u00f6hlde und ich m\u00f6chte den Kartoffelsalat und die vielen Koteletts nicht missen. Abends nach Turnierende ging es nat\u00fcrlich munter weiter auf dem Sportfeld und mancher Jokus fiel uns damals ein. Aber, auch im besten Mannesalter wird der Sportler einmal m\u00fcde. Da wir tags\u00fcber nat\u00fcrlich keine Zeit zum Bettenbau hatten und es jetzt am fr\u00fchen Morgen viel zu sp\u00e4t bzw. zu fr\u00fch zum Schlafsackausrollen war, legte ich mich mit Atze in meinen ger\u00e4umigen NSU 1200, der vor dem gegen\u00fcberliegenden Wohnhaus geparkt war. Die Sitze lie\u00dfen sich herunterstellen und wir lagen mehr oder weniger bequem auf den 70er-Jahre M\u00f6beln. Nur, die Beine mussten ja irgendwo hin. Schwups \u2013 die kamen eben auf das Armaturenbrett und das Lenkrad. Durch die n\u00e4chtlichen Schlafbewegungen landete irgendwann zur morgendlichen blauen Stunde mein Fu\u00df auf der Hupe und ich veranstalte ein fr\u00fchmorgentliches Hupkonzert vor dem Nachbarhaus, von dem Atze und ich jedoch dank des Schlummertrunks nichts mitbekamen. Fiddi, der neben uns in seinem wesentlich exklusiveren Gef\u00e4hrt gen\u00e4chtigt hatte, wurde von dem Hupkonzert ebenfalls geweckt. Er zog es in seinem durchaus nicht n\u00fcchternen Zustand vor, den R\u00fcckw\u00e4rtsgang einzulegen, in den P\u00f6hlder Wald zu fahren und sich dort vom F\u00f6rster wecken zu lassen. Da wir beide meinen kleinen NSU brav von innen verriegelt hatten, sahen die Anwohner auch keine andere M\u00f6glichkeit als die Polizei zu rufen. Ich gebe zu, von dieser Geschichte war mir am n\u00e4chsten Morgen nicht alles bekannt und einige Teile meiner Erz\u00e4hlung beruhen auf Berichten meiner Volleyballfreunde. <\/span><\/span><\/p>\n<p class=\"western\" align=\"justify\"><span style=\"font-family: Arial,sans-serif;\"><span style=\"font-size: large;\">Am n\u00e4chsten Morgen nahte Trainer Karl mit seiner damaligen Damenmannschaft. Diese neugierigen Weibsen mussten nat\u00fcrlich erst einmal in den kleinen NSU lugen und dumme Spr\u00fcche \u00fcber uns \u201ePolizeigeweckten\u201c machen (der Polizeieinsatz war mittlerweile schon Dorfgespr\u00e4ch). Die Frauen wollten auch nicht von meinem gardinenlosen Autochen weichen und so konnte ich mich nur noch mit den ohnehin verstellten Scheibenspr\u00fchanlagen wehren und der neugierigen Brut einen ordentlichen Spritzer Fensterklar verpassen. \u2013 Jetzt hatten Atze und ich endlich wieder unsere Ruhe und tr\u00e4umten in aller Ruhe dem P\u00f6hlder Kartoffelsalat entgegen.<\/span><\/span><\/p>\n<p class=\"western\" align=\"justify\"><span style=\"font-family: Arial,sans-serif;\"><span style=\"font-size: large;\">Nachtrag von einer der Weibsen: Als wir am Sonntag mit Bernds Auto nach G\u00f6ttingen zur\u00fcckfuhren, fing es leicht an zu regnen und auf der Frontscheibe bildete sich eine Schlierschicht. Auf klare Sicht mussten wir jedoch verzichten, da der Wassertank der Scheibenwaschanlage leer war. <\/span><\/span><\/p>\n<p class=\"western\" align=\"right\"><span style=\"font-family: Arial,sans-serif;\"><span style=\"font-size: large;\">bg\/bg<\/span><\/span><\/p>\n","protected":false},"excerpt":{"rendered":"<p>Einmal im Jahr, und da freuten wir uns schon m\u00e4chtig drauf, fand das P\u00f6hlder Volleyballturnier vor dem alten Schulhaus statt. Die liebensw\u00fcrdigen P\u00f6hlder waren in der Lage, immer eine ganz herzliche Atmosph\u00e4re zu schaffen. So landeten wir auch schon vor Spielbeginn erst einmal vor dem Getr\u00e4nkestand und wurden von diesem nur durch unsere sportlichen Eins\u00e4tze [&hellip;]<\/p>\n","protected":false},"author":1,"featured_media":0,"parent":92,"menu_order":0,"comment_status":"closed","ping_status":"closed","template":"","meta":{"spay_email":""},"jetpack_shortlink":"https:\/\/wp.me\/P7uF8M-4z","_links":{"self":[{"href":"http:\/\/www.weendervolleys.de\/WeenderVolleys\/50JWV\/wp-json\/wp\/v2\/pages\/283"}],"collection":[{"href":"http:\/\/www.weendervolleys.de\/WeenderVolleys\/50JWV\/wp-json\/wp\/v2\/pages"}],"about":[{"href":"http:\/\/www.weendervolleys.de\/WeenderVolleys\/50JWV\/wp-json\/wp\/v2\/types\/page"}],"author":[{"embeddable":true,"href":"http:\/\/www.weendervolleys.de\/WeenderVolleys\/50JWV\/wp-json\/wp\/v2\/users\/1"}],"replies":[{"embeddable":true,"href":"http:\/\/www.weendervolleys.de\/WeenderVolleys\/50JWV\/wp-json\/wp\/v2\/comments?post=283"}],"version-history":[{"count":1,"href":"http:\/\/www.weendervolleys.de\/WeenderVolleys\/50JWV\/wp-json\/wp\/v2\/pages\/283\/revisions"}],"predecessor-version":[{"id":284,"href":"http:\/\/www.weendervolleys.de\/WeenderVolleys\/50JWV\/wp-json\/wp\/v2\/pages\/283\/revisions\/284"}],"up":[{"embeddable":true,"href":"http:\/\/www.weendervolleys.de\/WeenderVolleys\/50JWV\/wp-json\/wp\/v2\/pages\/92"}],"wp:attachment":[{"href":"http:\/\/www.weendervolleys.de\/WeenderVolleys\/50JWV\/wp-json\/wp\/v2\/media?parent=283"}],"curies":[{"name":"wp","href":"https:\/\/api.w.org\/{rel}","templated":true}]}}